{"id":24769,"date":"2022-01-11T08:32:58","date_gmt":"2022-01-11T08:32:58","guid":{"rendered":"https:\/\/maegerle.de\/imprint"},"modified":"2024-05-29T08:52:51","modified_gmt":"2024-05-29T08:52:51","slug":"imprint","status":"publish","type":"page","link":"https:\/\/maegerle.de\/en\/imprint","title":{"rendered":"Imprint"},"content":{"rendered":"<p>[et_pb_section fb_built=&#8221;1&#8243; fullwidth=&#8221;on&#8221; _builder_version=&#8221;4.16&#8243; use_background_color_gradient=&#8221;on&#8221; background_color_gradient_direction=&#8221;102deg&#8221; background_color_gradient_stops=&#8221;#074493 0%|rgba(6,67,148,0.29) 100%&#8221; background_color_gradient_overlays_image=&#8221;on&#8221; background_color_gradient_start=&#8221;#074493&#8243; background_color_gradient_end=&#8221;rgba(6,67,148,0.29)&#8221; background_image=&#8221;http:\/\/maegerle.de\/wp-content\/uploads\/2021\/12\/BI1A6448.jpg&#8221; background_position=&#8221;bottom_center&#8221; global_colors_info=&#8221;{}&#8221;][et_pb_fullwidth_header text_orientation=&#8221;center&#8221; _builder_version=&#8221;4.16&#8243; title_font=&#8221;Montserrat|700|||||||&#8221; title_text_align=&#8221;left&#8221; title_font_size=&#8221;94px&#8221; title_line_height=&#8221;1.25em&#8221; content_text_align=&#8221;left&#8221; background_color=&#8221;rgba(0,0,0,0)&#8221; background_enable_image=&#8221;off&#8221; background_size=&#8221;initial&#8221; background_position=&#8221;top_center&#8221; background_video_pause_outside_viewport=&#8221;off&#8221; custom_button_one=&#8221;on&#8221; button_one_text_size=&#8221;14px&#8221; button_one_text_color=&#8221;#064394&#8243; button_one_bg_color=&#8221;#FFFFFF&#8221; button_one_border_color=&#8221;rgba(0,0,0,0)&#8221; button_one_border_radius=&#8221;0px&#8221; button_one_letter_spacing=&#8221;2px&#8221; button_one_font=&#8221;|900||on|||||&#8221; button_one_use_icon=&#8221;off&#8221; button_one_custom_padding=&#8221;15px|40px|15px|40px|true|true&#8221; custom_button_two=&#8221;on&#8221; button_two_text_color=&#8221;#283444&#8243; button_two_bg_color=&#8221;#ddccb8&#8243; button_two_border_color=&#8221;rgba(0,0,0,0)&#8221; button_two_border_radius=&#8221;0px&#8221; button_two_letter_spacing=&#8221;2px&#8221; button_two_font=&#8221;Darker Grotesque|900||on|||||&#8221; button_two_use_icon=&#8221;off&#8221; custom_padding=&#8221;0vw||0vw||true|false&#8221; title_font_size_tablet=&#8221;10vw&#8221; title_font_size_phone=&#8221;10vw&#8221; title_font_size_last_edited=&#8221;on|desktop&#8221; title_line_height_tablet=&#8221;&#8221; title_line_height_phone=&#8221;&#8221; title_line_height_last_edited=&#8221;on|desktop&#8221; background_last_edited=&#8221;on|desktop&#8221; background_size_tablet=&#8221;cover&#8221; button_one_text_size_tablet=&#8221;20px&#8221; button_one_text_size_phone=&#8221;16px&#8221; button_one_text_size_last_edited=&#8221;on|phone&#8221; button_two_text_size_tablet=&#8221;20px&#8221; button_two_text_size_phone=&#8221;16px&#8221; button_two_text_size_last_edited=&#8221;on|phone&#8221; custom_css_header_container=&#8221;max-width: 100% !important;||width: 100% !important;&#8221; global_colors_info=&#8221;{}&#8221;][\/et_pb_fullwidth_header][\/et_pb_section][et_pb_section fb_built=&#8221;1&#8243; fullwidth=&#8221;on&#8221; _builder_version=&#8221;4.16&#8243; background_color=&#8221;#008DC7&#8243; use_background_color_gradient=&#8221;on&#8221; background_color_gradient_direction=&#8221;102deg&#8221; background_color_gradient_stops=&#8221;#074493 0%|rgba(6,67,148,0.29) 100%&#8221; background_color_gradient_overlays_image=&#8221;on&#8221; background_color_gradient_start=&#8221;#074493&#8243; background_color_gradient_end=&#8221;rgba(6,67,148,0.29)&#8221; background_enable_image=&#8221;off&#8221; background_position=&#8221;top_center&#8221; global_colors_info=&#8221;{}&#8221;][et_pb_fullwidth_header text_orientation=&#8221;center&#8221; _builder_version=&#8221;4.16&#8243; title_font=&#8221;Montserrat|700|||||||&#8221; title_text_align=&#8221;left&#8221; title_font_size=&#8221;94px&#8221; title_line_height=&#8221;1.25em&#8221; content_text_align=&#8221;left&#8221; background_color=&#8221;rgba(0,0,0,0)&#8221; background_enable_image=&#8221;off&#8221; background_size=&#8221;initial&#8221; background_position=&#8221;top_center&#8221; background_video_pause_outside_viewport=&#8221;off&#8221; custom_button_one=&#8221;on&#8221; button_one_text_size=&#8221;14px&#8221; button_one_text_color=&#8221;#064394&#8243; button_one_bg_color=&#8221;#FFFFFF&#8221; button_one_border_color=&#8221;rgba(0,0,0,0)&#8221; button_one_border_radius=&#8221;0px&#8221; button_one_letter_spacing=&#8221;2px&#8221; button_one_font=&#8221;|900||on|||||&#8221; button_one_use_icon=&#8221;off&#8221; button_one_custom_padding=&#8221;15px|40px|15px|40px|true|true&#8221; custom_button_two=&#8221;on&#8221; button_two_text_color=&#8221;#283444&#8243; button_two_bg_color=&#8221;#ddccb8&#8243; button_two_border_color=&#8221;rgba(0,0,0,0)&#8221; button_two_border_radius=&#8221;0px&#8221; button_two_letter_spacing=&#8221;2px&#8221; button_two_font=&#8221;Darker Grotesque|900||on|||||&#8221; button_two_use_icon=&#8221;off&#8221; custom_padding=&#8221;8vw||8vw||true|false&#8221; title_font_size_tablet=&#8221;10vw&#8221; title_font_size_phone=&#8221;10vw&#8221; title_font_size_last_edited=&#8221;on|desktop&#8221; title_line_height_tablet=&#8221;&#8221; title_line_height_phone=&#8221;&#8221; title_line_height_last_edited=&#8221;on|desktop&#8221; background_last_edited=&#8221;on|desktop&#8221; background_size_tablet=&#8221;cover&#8221; button_one_text_size_tablet=&#8221;20px&#8221; button_one_text_size_phone=&#8221;16px&#8221; button_one_text_size_last_edited=&#8221;on|phone&#8221; button_two_text_size_tablet=&#8221;20px&#8221; button_two_text_size_phone=&#8221;16px&#8221; button_two_text_size_last_edited=&#8221;on|phone&#8221; custom_css_header_container=&#8221;max-width: 100% !important;||width: 100% !important;&#8221; global_colors_info=&#8221;{}&#8221;][\/et_pb_fullwidth_header][\/et_pb_section][et_pb_section fb_built=&#8221;1&#8243; admin_label=&#8221;Services&#8221; _builder_version=&#8221;4.16&#8243; custom_padding=&#8221;||0px|||&#8221; global_colors_info=&#8221;{}&#8221;][et_pb_row custom_padding_last_edited=&#8221;on|phone&#8221; _builder_version=&#8221;4.16&#8243; background_color=&#8221;#064394&#8243; custom_margin=&#8221;-180px||||false|false&#8221; custom_margin_tablet=&#8221;0px|auto||auto|false|false&#8221; custom_margin_phone=&#8221;&#8221; custom_margin_last_edited=&#8221;on|desktop&#8221; custom_padding=&#8221;|||40px|false|false&#8221; custom_padding_tablet=&#8221;|||30px|false|false&#8221; custom_padding_phone=&#8221;|||20px|false|false&#8221; box_shadow_style=&#8221;preset4&#8243; box_shadow_horizontal=&#8221;30vw&#8221; box_shadow_vertical=&#8221;0px&#8221; box_shadow_color=&#8221;#008DC7&#8243; global_colors_info=&#8221;{}&#8221;][et_pb_column type=&#8221;4_4&#8243; _builder_version=&#8221;4.16&#8243; global_colors_info=&#8221;{}&#8221;][et_pb_text _builder_version=&#8221;4.16&#8243; header_2_font=&#8221;Montserrat|900||on|||||&#8221; header_2_text_color=&#8221;#FFFFFF&#8221; header_2_font_size=&#8221;42px&#8221; header_2_font_size_tablet=&#8221;42px&#8221; header_2_font_size_phone=&#8221;30px&#8221; header_2_font_size_last_edited=&#8221;on|phone&#8221; global_colors_info=&#8221;{}&#8221;]<\/p>\n<h2>Imprint<\/h2>\n<p>[\/et_pb_text][\/et_pb_column][\/et_pb_row][et_pb_row _builder_version=&#8221;4.16&#8243; _module_preset=&#8221;default&#8221; global_colors_info=&#8221;{}&#8221;][et_pb_column type=&#8221;4_4&#8243; _builder_version=&#8221;4.16&#8243; _module_preset=&#8221;default&#8221; global_colors_info=&#8221;{}&#8221;][\/et_pb_column][\/et_pb_row][et_pb_row _builder_version=&#8221;4.16&#8243; _module_preset=&#8221;default&#8221; global_colors_info=&#8221;{}&#8221;][et_pb_column type=&#8221;4_4&#8243; _builder_version=&#8221;4.16&#8243; _module_preset=&#8221;default&#8221; background_color=&#8221;#FFFFFF&#8221; global_colors_info=&#8221;{}&#8221;][et_pb_text _builder_version=&#8221;4.25.1&#8243; _module_preset=&#8221;default&#8221; text_font=&#8221;||||||||&#8221; text_text_color=&#8221;#064394&#8243; text_line_height=&#8221;1.8em&#8221; header_2_font=&#8221;|700|||||||&#8221; header_2_text_color=&#8221;#064394&#8243; header_2_font_size=&#8221;23px&#8221; header_4_font=&#8221;Montserrat|700|||||||&#8221; header_4_text_color=&#8221;#064394&#8243; header_4_font_size=&#8221;26px&#8221; header_4_line_height=&#8221;1.3em&#8221; background_color=&#8221;RGBA(0,0,0,0)&#8221; hover_enabled=&#8221;0&#8243; global_colors_info=&#8221;{}&#8221; sticky_enabled=&#8221;0&#8243;]<\/p>\n<p>M\u00e4gerle GmbH &amp; Co. KG Steuerberatungsgesellschaft<br \/>Hauptstr. 130<br \/>78549 Spaichingen<\/p>\n<p>Commercial Register: HRA 728769<br \/>Registration court: Amtsgericht Stuttgart<\/p>\n<p><strong>Represented by:<\/strong><br \/>M\u00e4gerle Verwaltungsgesellschaft mbH<br \/>Steuerberatungsgesellschaft<\/p>\n<p>That one represented by:<br \/>Heiko M\u00e4gerle<br \/>Diplom-Betriebswirt (FH), Steuerberater<br \/>Daniel Waldraff <br \/>Bachelor of Arts (Steuern und Pr\u00fcfungswesen)<br \/>Steuerberater<\/p>\n<p>Commercial Register: HRB 745456<br \/>Registering court: Amtsgericht Stuttgart<\/p>\n<h2>Contact<\/h2>\n<p>Phone: +49 7424 95895-0<br \/>Telefax: +49 7424 95895-29<br \/>E-mail: info@maegerle.de<\/p>\n<h2>VAT ID<\/h2>\n<p>Sales tax identification number according to Sect. 27 a of the Sales Tax Law:<br \/>DE248117342<\/p>\n<h2>Job title and professional regulations<\/h2>\n<p>Job title:<br \/>Tax consultants<\/p>\n<p>Competent chamber:<br \/>Steuerberaterkammer S\u00fcdbaden<br \/>K\u00f6rperschaft des \u00f6ffentlichen Rechts<br \/>Wentzingerstra\u00dfe 19<br \/>79106 Freiburg<br \/>www.stbk-suedbaden.de<\/p>\n<p>Authorisation granted in:<br \/>Deutschland<\/p>\n<p>Es gelten folgende berufsrechtliche Regelungen:<\/p>\n<p>Der Berufsstand der Steuerberater unterliegt im Wesentlichen den nachstehenden Regelungen: Steuerberatungsgesetz (StBerG) Durchf\u00fchrungsverordnung zum Steuerberatergesetz (DVStB) Steuerberatergeb\u00fchrenverordnung (StBGebV) Berufsordnung (BOStB) Die berufsrechtlichen Regelungen k\u00f6nnen bei der zust\u00e4ndigen Steuerberaterkammer S\u00fcdbaden eingesehen werden. Sie finden sie auch auf der Homepage der Bundessteuerberaterkammer (www.bstbk.de).<br \/>available at: <a href=\"https:\/\/www.bstbk.de\/de\/\" target=\"_blank\" rel=\"noopener noreferrer\">https:\/\/www.bstbk.de\/de\/<\/a><\/p>\n<h2>Information regarding professional liability insurance<\/h2>\n<p><strong>Name and registered office of the insurer:<\/strong><br \/>ERGO Versicherung AG<br \/>Victoriaplatz 1<br \/>40477 D\u00fcsseldorf<\/p>\n<p><strong>Scope of insurance:<\/strong><br \/>Der r\u00e4umliche Geltungsbereich des Versicherungsschutzes umfasst Dienstleistungen zumindest in den Mitgliedsl\u00e4ndern der Europ\u00e4ischen Union und gen\u00fcgt mindestens den Anforderungen des \u00a7 67 Steuerberatungsgesetz (StBerG), \u00a7\u00a751ff Verordnung zur DurchF\u00fchrung der Vorschriften \u00fcber Steuerberater, Steuerbevollm\u00e4chtigte und Steuerberatungsgesellschaften (DvStB).<\/p>\n<h2>Person responsible for editorial<\/h2>\n<p>Daniel Waldraff <br \/>Bachelor of Arts (Steuern und Pr\u00fcfungswesen)<br \/>Steuerberater<\/p>\n<h2>EU dispute resolution<\/h2>\n<p>The European Commission provides a platform for online dispute resolution (ODR): <a href=\"https:\/\/ec.europa.eu\/consumers\/odr\/\" target=\"_blank\" rel=\"noopener noreferrer\">https:\/\/ec.europa.eu\/consumers\/odr\/<\/a>.<br \/>Our e-mail address can be found above in the site notice.<\/p>\n<h2>Dispute resolution proceedings in front of a consumer arbitration board<\/h2>\n<p>We are not willing or obliged to participate in dispute resolution proceedings in front of a consumer arbitration board.<\/p>\n<p>[\/et_pb_text][\/et_pb_column][\/et_pb_row][et_pb_row _builder_version=&#8221;4.16&#8243; _module_preset=&#8221;default&#8221; global_colors_info=&#8221;{}&#8221;][et_pb_column type=&#8221;4_4&#8243; _builder_version=&#8221;4.16&#8243; _module_preset=&#8221;default&#8221; global_colors_info=&#8221;{}&#8221;][\/et_pb_column][\/et_pb_row][\/et_pb_section]<\/p>\n","protected":false},"excerpt":{"rendered":"<p>ImprintM\u00e4gerle GmbH &amp; Co. KG SteuerberatungsgesellschaftHauptstr. 13078549 Spaichingen Commercial Register: HRA 728769Registration court: Amtsgericht Stuttgart Represented by:M\u00e4gerle Verwaltungsgesellschaft mbHSteuerberatungsgesellschaft That one represented by:Heiko M\u00e4gerleDiplom-Betriebswirt (FH), SteuerberaterDaniel Waldraff Bachelor of Arts (Steuern und Pr\u00fcfungswesen)Steuerberater Commercial Register: HRB 745456Registering court: Amtsgericht Stuttgart Contact Phone: +49 7424 95895-0Telefax: +49 7424 95895-29E-mail: info@maegerle.de VAT ID Sales tax identification number [&hellip;]<\/p>\n","protected":false},"author":2,"featured_media":0,"parent":0,"menu_order":0,"comment_status":"closed","ping_status":"closed","template":"","meta":{"_et_pb_use_builder":"on","_et_pb_old_content":"","_et_gb_content_width":"","footnotes":""},"class_list":["post-24769","page","type-page","status-publish","hentry"],"yoast_head":"<!-- This site is optimized with the Yoast SEO plugin v27.4 - https:\/\/yoast.com\/product\/yoast-seo-wordpress\/ -->\n<title>Imprint - Maegerle Steuerberatungsgesellschaft<\/title>\n<meta name=\"robots\" content=\"index, follow, max-snippet:-1, max-image-preview:large, max-video-preview:-1\" \/>\n<link rel=\"canonical\" href=\"https:\/\/maegerle.de\/en\/imprint\" \/>\n<meta property=\"og:locale\" content=\"en_US\" \/>\n<meta property=\"og:type\" content=\"article\" \/>\n<meta property=\"og:title\" content=\"Imprint - Maegerle Steuerberatungsgesellschaft\" \/>\n<meta property=\"og:description\" content=\"ImprintM\u00e4gerle GmbH &amp; Co. KG SteuerberatungsgesellschaftHauptstr. 13078549 Spaichingen Commercial Register: HRA 728769Registration court: Amtsgericht Stuttgart Represented by:M\u00e4gerle Verwaltungsgesellschaft mbHSteuerberatungsgesellschaft That one represented by:Heiko M\u00e4gerleDiplom-Betriebswirt (FH), SteuerberaterDaniel Waldraff Bachelor of Arts (Steuern und Pr\u00fcfungswesen)Steuerberater Commercial Register: HRB 745456Registering court: Amtsgericht Stuttgart Contact Phone: +49 7424 95895-0Telefax: +49 7424 95895-29E-mail: info@maegerle.de VAT ID Sales tax identification number [&hellip;]\" \/>\n<meta property=\"og:url\" content=\"https:\/\/maegerle.de\/en\/imprint\" \/>\n<meta property=\"og:site_name\" content=\"Maegerle Steuerberatungsgesellschaft\" \/>\n<meta property=\"article:modified_time\" content=\"2024-05-29T08:52:51+00:00\" \/>\n<meta name=\"twitter:card\" content=\"summary_large_image\" \/>\n<meta name=\"twitter:label1\" content=\"Est. reading time\" \/>\n\t<meta name=\"twitter:data1\" content=\"6 minutes\" \/>\n<script type=\"application\/ld+json\" class=\"yoast-schema-graph\">{\"@context\":\"https:\\\/\\\/schema.org\",\"@graph\":[{\"@type\":\"WebPage\",\"@id\":\"https:\\\/\\\/maegerle.de\\\/en\\\/imprint\",\"url\":\"https:\\\/\\\/maegerle.de\\\/en\\\/imprint\",\"name\":\"Imprint - Maegerle Steuerberatungsgesellschaft\",\"isPartOf\":{\"@id\":\"https:\\\/\\\/maegerle.de\\\/#website\"},\"datePublished\":\"2022-01-11T08:32:58+00:00\",\"dateModified\":\"2024-05-29T08:52:51+00:00\",\"breadcrumb\":{\"@id\":\"https:\\\/\\\/maegerle.de\\\/en\\\/imprint#breadcrumb\"},\"inLanguage\":\"en-US\",\"potentialAction\":[{\"@type\":\"ReadAction\",\"target\":[\"https:\\\/\\\/maegerle.de\\\/en\\\/imprint\"]}]},{\"@type\":\"BreadcrumbList\",\"@id\":\"https:\\\/\\\/maegerle.de\\\/en\\\/imprint#breadcrumb\",\"itemListElement\":[{\"@type\":\"ListItem\",\"position\":1,\"name\":\"Startseite\",\"item\":\"https:\\\/\\\/maegerle.de\\\/en\"},{\"@type\":\"ListItem\",\"position\":2,\"name\":\"Imprint\"}]},{\"@type\":\"WebSite\",\"@id\":\"https:\\\/\\\/maegerle.de\\\/#website\",\"url\":\"https:\\\/\\\/maegerle.de\\\/\",\"name\":\"Maegerle Steuerberatungsgesellschaft\",\"description\":\"Kanzlei f\u00fcr Steuerberatung\",\"potentialAction\":[{\"@type\":\"SearchAction\",\"target\":{\"@type\":\"EntryPoint\",\"urlTemplate\":\"https:\\\/\\\/maegerle.de\\\/?s={search_term_string}\"},\"query-input\":{\"@type\":\"PropertyValueSpecification\",\"valueRequired\":true,\"valueName\":\"search_term_string\"}}],\"inLanguage\":\"en-US\"}]}<\/script>\n<!-- \/ Yoast SEO plugin. -->","yoast_head_json":{"title":"Imprint - Maegerle Steuerberatungsgesellschaft","robots":{"index":"index","follow":"follow","max-snippet":"max-snippet:-1","max-image-preview":"max-image-preview:large","max-video-preview":"max-video-preview:-1"},"canonical":"https:\/\/maegerle.de\/en\/imprint","og_locale":"en_US","og_type":"article","og_title":"Imprint - Maegerle Steuerberatungsgesellschaft","og_description":"ImprintM\u00e4gerle GmbH &amp; Co. KG SteuerberatungsgesellschaftHauptstr. 13078549 Spaichingen Commercial Register: HRA 728769Registration court: Amtsgericht Stuttgart Represented by:M\u00e4gerle Verwaltungsgesellschaft mbHSteuerberatungsgesellschaft That one represented by:Heiko M\u00e4gerleDiplom-Betriebswirt (FH), SteuerberaterDaniel Waldraff Bachelor of Arts (Steuern und Pr\u00fcfungswesen)Steuerberater Commercial Register: HRB 745456Registering court: Amtsgericht Stuttgart Contact Phone: +49 7424 95895-0Telefax: +49 7424 95895-29E-mail: info@maegerle.de VAT ID Sales tax identification number [&hellip;]","og_url":"https:\/\/maegerle.de\/en\/imprint","og_site_name":"Maegerle Steuerberatungsgesellschaft","article_modified_time":"2024-05-29T08:52:51+00:00","twitter_card":"summary_large_image","twitter_misc":{"Est. reading time":"6 minutes"},"schema":{"@context":"https:\/\/schema.org","@graph":[{"@type":"WebPage","@id":"https:\/\/maegerle.de\/en\/imprint","url":"https:\/\/maegerle.de\/en\/imprint","name":"Imprint - Maegerle Steuerberatungsgesellschaft","isPartOf":{"@id":"https:\/\/maegerle.de\/#website"},"datePublished":"2022-01-11T08:32:58+00:00","dateModified":"2024-05-29T08:52:51+00:00","breadcrumb":{"@id":"https:\/\/maegerle.de\/en\/imprint#breadcrumb"},"inLanguage":"en-US","potentialAction":[{"@type":"ReadAction","target":["https:\/\/maegerle.de\/en\/imprint"]}]},{"@type":"BreadcrumbList","@id":"https:\/\/maegerle.de\/en\/imprint#breadcrumb","itemListElement":[{"@type":"ListItem","position":1,"name":"Startseite","item":"https:\/\/maegerle.de\/en"},{"@type":"ListItem","position":2,"name":"Imprint"}]},{"@type":"WebSite","@id":"https:\/\/maegerle.de\/#website","url":"https:\/\/maegerle.de\/","name":"Maegerle Steuerberatungsgesellschaft","description":"Kanzlei f\u00fcr Steuerberatung","potentialAction":[{"@type":"SearchAction","target":{"@type":"EntryPoint","urlTemplate":"https:\/\/maegerle.de\/?s={search_term_string}"},"query-input":{"@type":"PropertyValueSpecification","valueRequired":true,"valueName":"search_term_string"}}],"inLanguage":"en-US"}]}},"_links":{"self":[{"href":"https:\/\/maegerle.de\/en\/wp-json\/wp\/v2\/pages\/24769","targetHints":{"allow":["GET"]}}],"collection":[{"href":"https:\/\/maegerle.de\/en\/wp-json\/wp\/v2\/pages"}],"about":[{"href":"https:\/\/maegerle.de\/en\/wp-json\/wp\/v2\/types\/page"}],"author":[{"embeddable":true,"href":"https:\/\/maegerle.de\/en\/wp-json\/wp\/v2\/users\/2"}],"replies":[{"embeddable":true,"href":"https:\/\/maegerle.de\/en\/wp-json\/wp\/v2\/comments?post=24769"}],"version-history":[{"count":7,"href":"https:\/\/maegerle.de\/en\/wp-json\/wp\/v2\/pages\/24769\/revisions"}],"predecessor-version":[{"id":24831,"href":"https:\/\/maegerle.de\/en\/wp-json\/wp\/v2\/pages\/24769\/revisions\/24831"}],"wp:attachment":[{"href":"https:\/\/maegerle.de\/en\/wp-json\/wp\/v2\/media?parent=24769"}],"curies":[{"name":"wp","href":"https:\/\/api.w.org\/{rel}","templated":true}]}}